{"id":59,"date":"2025-02-14T16:31:21","date_gmt":"2025-02-14T13:31:21","guid":{"rendered":"https:\/\/blog.pharvis.com.tr\/?page_id=59"},"modified":"2025-08-16T09:32:13","modified_gmt":"2025-08-16T06:32:13","slug":"tagline","status":"publish","type":"page","link":"https:\/\/blog.visionvita.com.tr\/?page_id=59","title":{"rendered":"Sa\u011fl\u0131kl\u0131 ve Mutlu Bir Ya\u015fam \u0130\u00e7in G\u00f6z Sa\u011fl\u0131\u011f\u0131n\u0131z\u0131 Koruyun."},"content":{"rendered":"\n<p><\/p>\n\n\n\n<p><strong><u>Brand Massage:<\/u> <\/strong> <\/p>\n\n\n\n<p><strong>VisionVita, g\u00f6z sa\u011fl\u0131\u011f\u0131n\u0131z\u0131 do\u011fal yollarla korumak ve desteklemek i\u00e7in bilimsel verilere dayal\u0131, \u00fcst\u00fcn kaliteli i\u00e7eriklerle \u00fcretilmi\u015ftir.<\/strong><\/p>\n\n\n\n<p><strong>G\u00f6zlerinize \u0130yi Bak\u0131n, <\/strong>Gelece\u011fi Net G\u00f6r\u00fcn.<\/p>\n\n\n\n<p><\/p>\n\n\n\n<p><\/p>\n\n\n\n<p><strong>Lutein, Zeaksantin ve Omega-3 gibi temel besinlerle<\/strong><strong> g\u00f6zlerinizi besleyerek <\/strong><strong>mavi \u0131\u015f\u0131k, ya\u015flanma ve \u00e7evresel fakt\u00f6rlerin olumsuz etkilerine kar\u015f\u0131 koruma sa\u011flar.<\/strong><strong><\/strong><\/p>\n\n\n\n<ul class=\"wp-block-list\">\n<li><strong>Ya\u015flanmaya Kar\u015f\u0131 Destek<\/strong><strong> \u2013 Ya\u015fa ba\u011fl\u0131 g\u00f6z sa\u011fl\u0131\u011f\u0131n\u0131z\u0131 g\u00fc\u00e7lendirin ve net g\u00f6r\u00fc\u015f\u00fcn\u00fcz\u00fc koruyun.<\/strong><\/li>\n\n\n\n<li><strong>Mavi I\u015f\u0131k Korumas\u0131<\/strong><strong> \u2013 Dijital ekranlar\u0131n zararl\u0131 \u0131\u015f\u0131nlar\u0131na kar\u015f\u0131 g\u00f6zlerinizi koruyun.<\/strong><\/li>\n\n\n\n<li><strong>Bilimsel Olarak Kan\u0131tlanm\u0131\u015f Form\u00fcl<\/strong><strong> \u2013 En etkili ve g\u00fcvenilir bile\u015fenlerle g\u00f6z sa\u011fl\u0131\u011f\u0131n\u0131z\u0131 destekleyin.<\/strong><\/li>\n<\/ul>\n\n\n\n<p><strong>VisionVita ile g\u00f6zlerinizi koruyun, gelece\u011fe g\u00fcvenle bak\u0131n!<\/strong><\/p>\n","protected":false},"excerpt":{"rendered":"<p>Brand Massage: VisionVita, g\u00f6z sa\u011fl\u0131\u011f\u0131n\u0131z\u0131 do\u011fal yollarla korumak ve desteklemek i\u00e7in bilimsel verilere dayal\u0131, \u00fcst\u00fcn kaliteli i\u00e7eriklerle \u00fcretilmi\u015ftir. G\u00f6zlerinize \u0130yi Bak\u0131n, Gelece\u011fi Net G\u00f6r\u00fcn. Lutein, Zeaksantin ve Omega-3 gibi temel besinlerle g\u00f6zlerinizi besleyerek mavi \u0131\u015f\u0131k, ya\u015flanma ve \u00e7evresel fakt\u00f6rlerin olumsuz<\/p>\n","protected":false},"author":2,"featured_media":0,"parent":0,"menu_order":0,"comment_status":"closed","ping_status":"closed","template":"","meta":{"footnotes":""},"class_list":["post-59","page","type-page","status-publish","hentry"],"yoast_head":"<!-- This site is optimized with the Yoast SEO plugin v25.6 - https:\/\/yoast.com\/wordpress\/plugins\/seo\/ -->\n<title>Sa\u011fl\u0131kl\u0131 ve Mutlu Bir Ya\u015fam \u0130\u00e7in G\u00f6z Sa\u011fl\u0131\u011f\u0131n\u0131z\u0131 Koruyun. - VisionVita G\u00f6z Sa\u011fl\u0131\u011f\u0131<\/title>\n<meta name=\"robots\" content=\"index, follow, max-snippet:-1, max-image-preview:large, max-video-preview:-1\" \/>\n<link rel=\"canonical\" href=\"https:\/\/blog.visionvita.com.tr\/?page_id=59\" \/>\n<meta property=\"og:locale\" content=\"tr_TR\" \/>\n<meta property=\"og:type\" content=\"article\" \/>\n<meta property=\"og:title\" content=\"Sa\u011fl\u0131kl\u0131 ve Mutlu Bir Ya\u015fam \u0130\u00e7in G\u00f6z Sa\u011fl\u0131\u011f\u0131n\u0131z\u0131 Koruyun. - VisionVita G\u00f6z Sa\u011fl\u0131\u011f\u0131\" \/>\n<meta property=\"og:description\" content=\"Brand Massage: VisionVita, g\u00f6z sa\u011fl\u0131\u011f\u0131n\u0131z\u0131 do\u011fal yollarla korumak ve desteklemek i\u00e7in bilimsel verilere dayal\u0131, \u00fcst\u00fcn kaliteli i\u00e7eriklerle \u00fcretilmi\u015ftir. G\u00f6zlerinize \u0130yi Bak\u0131n, Gelece\u011fi Net G\u00f6r\u00fcn. Lutein, Zeaksantin ve Omega-3 gibi temel besinlerle g\u00f6zlerinizi besleyerek mavi \u0131\u015f\u0131k, ya\u015flanma ve \u00e7evresel fakt\u00f6rlerin olumsuz\" \/>\n<meta property=\"og:url\" content=\"https:\/\/blog.visionvita.com.tr\/?page_id=59\" \/>\n<meta property=\"og:site_name\" content=\"VisionVita G\u00f6z Sa\u011fl\u0131\u011f\u0131\" \/>\n<meta property=\"article:modified_time\" content=\"2025-08-16T06:32:13+00:00\" \/>\n<meta name=\"twitter:card\" content=\"summary_large_image\" \/>\n<meta name=\"twitter:label1\" content=\"Tahmini okuma s\u00fcresi\" \/>\n\t<meta name=\"twitter:data1\" content=\"1 dakika\" \/>\n<script type=\"application\/ld+json\" class=\"yoast-schema-graph\">{\"@context\":\"https:\/\/schema.org\",\"@graph\":[{\"@type\":\"WebPage\",\"@id\":\"https:\/\/blog.visionvita.com.tr\/?page_id=59\",\"url\":\"https:\/\/blog.visionvita.com.tr\/?page_id=59\",\"name\":\"Sa\u011fl\u0131kl\u0131 ve Mutlu Bir Ya\u015fam \u0130\u00e7in G\u00f6z Sa\u011fl\u0131\u011f\u0131n\u0131z\u0131 Koruyun. - VisionVita G\u00f6z Sa\u011fl\u0131\u011f\u0131\",\"isPartOf\":{\"@id\":\"https:\/\/blog.visionvita.com.tr\/#website\"},\"datePublished\":\"2025-02-14T13:31:21+00:00\",\"dateModified\":\"2025-08-16T06:32:13+00:00\",\"breadcrumb\":{\"@id\":\"https:\/\/blog.visionvita.com.tr\/?page_id=59#breadcrumb\"},\"inLanguage\":\"tr\",\"potentialAction\":[{\"@type\":\"ReadAction\",\"target\":[\"https:\/\/blog.visionvita.com.tr\/?page_id=59\"]}]},{\"@type\":\"BreadcrumbList\",\"@id\":\"https:\/\/blog.visionvita.com.tr\/?page_id=59#breadcrumb\",\"itemListElement\":[{\"@type\":\"ListItem\",\"position\":1,\"name\":\"Anasayfa\",\"item\":\"https:\/\/blog.visionvita.com.tr\/\"},{\"@type\":\"ListItem\",\"position\":2,\"name\":\"Sa\u011fl\u0131kl\u0131 ve Mutlu Bir Ya\u015fam \u0130\u00e7in G\u00f6z Sa\u011fl\u0131\u011f\u0131n\u0131z\u0131 Koruyun.\"}]},{\"@type\":\"WebSite\",\"@id\":\"https:\/\/blog.visionvita.com.tr\/#website\",\"url\":\"https:\/\/blog.visionvita.com.tr\/\",\"name\":\"VisionVita G\u00f6z Sa\u011fl\u0131\u011f\u0131\",\"description\":\"G\u00f6zlerinize \u0130yi Bak\u0131n, Gelece\u011fi Net G\u00f6r\u00fcn!\",\"potentialAction\":[{\"@type\":\"SearchAction\",\"target\":{\"@type\":\"EntryPoint\",\"urlTemplate\":\"https:\/\/blog.visionvita.com.tr\/?s={search_term_string}\"},\"query-input\":{\"@type\":\"PropertyValueSpecification\",\"valueRequired\":true,\"valueName\":\"search_term_string\"}}],\"inLanguage\":\"tr\"}]}<\/script>\n<!-- \/ Yoast SEO plugin. -->","yoast_head_json":{"title":"Sa\u011fl\u0131kl\u0131 ve Mutlu Bir Ya\u015fam \u0130\u00e7in G\u00f6z Sa\u011fl\u0131\u011f\u0131n\u0131z\u0131 Koruyun. - VisionVita G\u00f6z Sa\u011fl\u0131\u011f\u0131","robots":{"index":"index","follow":"follow","max-snippet":"max-snippet:-1","max-image-preview":"max-image-preview:large","max-video-preview":"max-video-preview:-1"},"canonical":"https:\/\/blog.visionvita.com.tr\/?page_id=59","og_locale":"tr_TR","og_type":"article","og_title":"Sa\u011fl\u0131kl\u0131 ve Mutlu Bir Ya\u015fam \u0130\u00e7in G\u00f6z Sa\u011fl\u0131\u011f\u0131n\u0131z\u0131 Koruyun. - VisionVita G\u00f6z Sa\u011fl\u0131\u011f\u0131","og_description":"Brand Massage: VisionVita, g\u00f6z sa\u011fl\u0131\u011f\u0131n\u0131z\u0131 do\u011fal yollarla korumak ve desteklemek i\u00e7in bilimsel verilere dayal\u0131, \u00fcst\u00fcn kaliteli i\u00e7eriklerle \u00fcretilmi\u015ftir. G\u00f6zlerinize \u0130yi Bak\u0131n, Gelece\u011fi Net G\u00f6r\u00fcn. Lutein, Zeaksantin ve Omega-3 gibi temel besinlerle g\u00f6zlerinizi besleyerek mavi \u0131\u015f\u0131k, ya\u015flanma ve \u00e7evresel fakt\u00f6rlerin olumsuz","og_url":"https:\/\/blog.visionvita.com.tr\/?page_id=59","og_site_name":"VisionVita G\u00f6z Sa\u011fl\u0131\u011f\u0131","article_modified_time":"2025-08-16T06:32:13+00:00","twitter_card":"summary_large_image","twitter_misc":{"Tahmini okuma s\u00fcresi":"1 dakika"},"schema":{"@context":"https:\/\/schema.org","@graph":[{"@type":"WebPage","@id":"https:\/\/blog.visionvita.com.tr\/?page_id=59","url":"https:\/\/blog.visionvita.com.tr\/?page_id=59","name":"Sa\u011fl\u0131kl\u0131 ve Mutlu Bir Ya\u015fam \u0130\u00e7in G\u00f6z Sa\u011fl\u0131\u011f\u0131n\u0131z\u0131 Koruyun. - VisionVita G\u00f6z Sa\u011fl\u0131\u011f\u0131","isPartOf":{"@id":"https:\/\/blog.visionvita.com.tr\/#website"},"datePublished":"2025-02-14T13:31:21+00:00","dateModified":"2025-08-16T06:32:13+00:00","breadcrumb":{"@id":"https:\/\/blog.visionvita.com.tr\/?page_id=59#breadcrumb"},"inLanguage":"tr","potentialAction":[{"@type":"ReadAction","target":["https:\/\/blog.visionvita.com.tr\/?page_id=59"]}]},{"@type":"BreadcrumbList","@id":"https:\/\/blog.visionvita.com.tr\/?page_id=59#breadcrumb","itemListElement":[{"@type":"ListItem","position":1,"name":"Anasayfa","item":"https:\/\/blog.visionvita.com.tr\/"},{"@type":"ListItem","position":2,"name":"Sa\u011fl\u0131kl\u0131 ve Mutlu Bir Ya\u015fam \u0130\u00e7in G\u00f6z Sa\u011fl\u0131\u011f\u0131n\u0131z\u0131 Koruyun."}]},{"@type":"WebSite","@id":"https:\/\/blog.visionvita.com.tr\/#website","url":"https:\/\/blog.visionvita.com.tr\/","name":"VisionVita G\u00f6z Sa\u011fl\u0131\u011f\u0131","description":"G\u00f6zlerinize \u0130yi Bak\u0131n, Gelece\u011fi Net G\u00f6r\u00fcn!","potentialAction":[{"@type":"SearchAction","target":{"@type":"EntryPoint","urlTemplate":"https:\/\/blog.visionvita.com.tr\/?s={search_term_string}"},"query-input":{"@type":"PropertyValueSpecification","valueRequired":true,"valueName":"search_term_string"}}],"inLanguage":"tr"}]}},"_links":{"self":[{"href":"https:\/\/blog.visionvita.com.tr\/index.php?rest_route=\/wp\/v2\/pages\/59","targetHints":{"allow":["GET"]}}],"collection":[{"href":"https:\/\/blog.visionvita.com.tr\/index.php?rest_route=\/wp\/v2\/pages"}],"about":[{"href":"https:\/\/blog.visionvita.com.tr\/index.php?rest_route=\/wp\/v2\/types\/page"}],"author":[{"embeddable":true,"href":"https:\/\/blog.visionvita.com.tr\/index.php?rest_route=\/wp\/v2\/users\/2"}],"replies":[{"embeddable":true,"href":"https:\/\/blog.visionvita.com.tr\/index.php?rest_route=%2Fwp%2Fv2%2Fcomments&post=59"}],"version-history":[{"count":5,"href":"https:\/\/blog.visionvita.com.tr\/index.php?rest_route=\/wp\/v2\/pages\/59\/revisions"}],"predecessor-version":[{"id":356,"href":"https:\/\/blog.visionvita.com.tr\/index.php?rest_route=\/wp\/v2\/pages\/59\/revisions\/356"}],"wp:attachment":[{"href":"https:\/\/blog.visionvita.com.tr\/index.php?rest_route=%2Fwp%2Fv2%2Fmedia&parent=59"}],"curies":[{"name":"wp","href":"https:\/\/api.w.org\/{rel}","templated":true}]}}